{"id":61,"date":"2024-02-04T09:32:20","date_gmt":"2024-02-04T12:32:20","guid":{"rendered":"http:\/\/hmfst.online\/?page_id=61"},"modified":"2024-06-09T10:21:02","modified_gmt":"2024-06-09T13:21:02","slug":"fale-conosco","status":"publish","type":"page","link":"https:\/\/hmfst.online\/?page_id=61","title":{"rendered":"Fale Conosco"},"content":{"rendered":"\t\t<div data-elementor-type=\"wp-page\" data-elementor-id=\"61\" class=\"elementor elementor-61\">\n\t\t\t\t<div class=\"elementor-element elementor-element-7f5a062 e-flex e-con-boxed e-con e-parent\" data-id=\"7f5a062\" data-element_type=\"container\" data-e-type=\"container\">\n\t\t\t\t\t<div class=\"e-con-inner\">\n\t\t\t\t<div class=\"elementor-element elementor-element-fe4e1e5 elementor-widget elementor-widget-heading\" data-id=\"fe4e1e5\" data-element_type=\"widget\" data-e-type=\"widget\" data-widget_type=\"heading.default\">\n\t\t\t\t<div class=\"elementor-widget-container\">\n\t\t\t\t\t<h4 class=\"elementor-heading-title elementor-size-default\">Comunica\u00e7\u00e3o Eficiente com o Hospital Francisco da Silva Telles<\/h4>\t\t\t\t<\/div>\n\t\t\t\t<\/div>\n\t\t\t\t<div class=\"elementor-element elementor-element-9ca195e elementor-widget elementor-widget-text-editor\" data-id=\"9ca195e\" data-element_type=\"widget\" data-e-type=\"widget\" data-widget_type=\"text-editor.default\">\n\t\t\t\t<div class=\"elementor-widget-container\">\n\t\t\t\t\t\t\t\t\t<p>No Hospital Francisco da Silva Telles, valorizamos a comunica\u00e7\u00e3o aberta e o contato pr\u00f3ximo com nossos pacientes, familiares e comunidade.&nbsp;<\/p><p>Estamos comprometidos em oferecer diversos canais de atendimento para que voc\u00ea possa esclarecer d\u00favidas, compartilhar feedbacks ou solicitar informa\u00e7\u00f5es sempre que necess\u00e1rio.<\/p>\n<p><\/p>\t\t\t\t\t\t\t\t<\/div>\n\t\t\t\t<\/div>\n\t\t\t\t\t<\/div>\n\t\t\t\t<\/div>\n\t\t<div class=\"elementor-element elementor-element-33fa5c4 e-flex e-con-boxed e-con e-parent\" data-id=\"33fa5c4\" data-element_type=\"container\" data-e-type=\"container\">\n\t\t\t\t\t<div class=\"e-con-inner\">\n\t\t\t\t<div class=\"elementor-element elementor-element-ed985e9 elementor-widget elementor-widget-text-editor\" data-id=\"ed985e9\" data-element_type=\"widget\" data-e-type=\"widget\" data-widget_type=\"text-editor.default\">\n\t\t\t\t<div class=\"elementor-widget-container\">\n\t\t\t\t\t\t\t\t\t<p style=\"letter-spacing: 0.24px;\"><span style=\"font-weight: bolder; color: var( --e-global-color-text ); font-family: var( --e-global-typography-text-font-family ), Sans-serif; font-size: var(--body_typography-font-size); font-style: var(--body_typography-font-style,normal); letter-spacing: var(--body_typography-letter-spacing); text-align: var(--text-align);\">Endere\u00e7o:<\/span><br><\/p><p style=\"letter-spacing: 0.24px;\"><span style=\"color: var( --e-global-color-text ); font-family: var( --e-global-typography-text-font-family ), Sans-serif; font-weight: var( --e-global-typography-text-font-weight ); text-align: var(--text-align); font-size: var(--body_typography-font-size); font-style: var(--body_typography-font-style,normal); letter-spacing: var(--body_typography-letter-spacing); background-color: var(--content_bg_color);\">Av. Ubirajara, 25 &#8211; Iraj\u00e1, Rio de Janeiro &#8211; RJ, 21230-300<br><\/span><span style=\"background-color: var(--content_bg_color); color: var( --e-global-color-text ); font-family: var( --e-global-typography-text-font-family ), Sans-serif; font-size: var(--body_typography-font-size); font-style: var(--body_typography-font-style,normal); font-weight: var( --e-global-typography-text-font-weight ); letter-spacing: var(--body_typography-letter-spacing); text-align: var(--text-align);\"><br><span style=\"font-weight: bolder;\">E-mail:<br><\/span><\/span><a href=\"mailto:faleconosco.hmfst@gmail.com.br\">faleconosco.hmfst@gmail.com.br<\/a>.<br>Envie suas mensagens que teremos o prazer em respond\u00ea-las em at\u00e9 24 horas \u00fateis.<\/p><p style=\"letter-spacing: 0.24px;\"><span style=\"font-weight: bolder;\">Atendimento Presencial:<\/span><br>Voc\u00ea pode se dirigir pessoalmente \u00e0 nossa recep\u00e7\u00e3o central, localizada no sagu\u00e3o principal do hospital. Nossa equipe estar\u00e1 pronta para ouvi-lo e encaminhar suas solicita\u00e7\u00f5es aos setores competentes.<\/p>\t\t\t\t\t\t\t\t<\/div>\n\t\t\t\t<\/div>\n\t\t\t\t\t<\/div>\n\t\t\t\t<\/div>\n\t\t<div class=\"elementor-element elementor-element-90c159c e-flex e-con-boxed e-con e-parent\" data-id=\"90c159c\" data-element_type=\"container\" data-e-type=\"container\">\n\t\t\t\t\t<div class=\"e-con-inner\">\n\t\t\t\t<div class=\"elementor-element elementor-element-3899f08 elementor-widget elementor-widget-google_maps\" data-id=\"3899f08\" data-element_type=\"widget\" data-e-type=\"widget\" data-widget_type=\"google_maps.default\">\n\t\t\t\t<div class=\"elementor-widget-container\">\n\t\t\t\t\t\t\t<div class=\"elementor-custom-embed\">\n\t\t\t<iframe loading=\"lazy\"\n\t\t\t\t\tsrc=\"https:\/\/maps.google.com\/maps?q=Hospital%20Municipal%20Francisco%20da%20Silva%20Telles&#038;t=m&#038;z=16&#038;output=embed&#038;iwloc=near\"\n\t\t\t\t\ttitle=\"Hospital Municipal Francisco da Silva Telles\"\n\t\t\t\t\taria-label=\"Hospital Municipal Francisco da Silva Telles\"\n\t\t\t><\/iframe>\n\t\t<\/div>\n\t\t\t\t\t\t<\/div>\n\t\t\t\t<\/div>\n\t\t\t\t\t<\/div>\n\t\t\t\t<\/div>\n\t\t\t\t<\/div>\n\t\t","protected":false},"excerpt":{"rendered":"<p>Comunica\u00e7\u00e3o Eficiente com o Hospital Francisco da Silva Telles No  [&#8230;]<\/p>\n","protected":false},"author":2,"featured_media":0,"parent":0,"menu_order":0,"comment_status":"closed","ping_status":"closed","template":"","meta":{"_acf_changed":false,"give_campaign_id":0,"footnotes":""},"class_list":["post-61","page","type-page","status-publish","hentry"],"acf":[],"campaignId":"","_links":{"self":[{"href":"https:\/\/hmfst.online\/index.php?rest_route=\/wp\/v2\/pages\/61","targetHints":{"allow":["GET"]}}],"collection":[{"href":"https:\/\/hmfst.online\/index.php?rest_route=\/wp\/v2\/pages"}],"about":[{"href":"https:\/\/hmfst.online\/index.php?rest_route=\/wp\/v2\/types\/page"}],"author":[{"embeddable":true,"href":"https:\/\/hmfst.online\/index.php?rest_route=\/wp\/v2\/users\/2"}],"replies":[{"embeddable":true,"href":"https:\/\/hmfst.online\/index.php?rest_route=%2Fwp%2Fv2%2Fcomments&post=61"}],"version-history":[{"count":70,"href":"https:\/\/hmfst.online\/index.php?rest_route=\/wp\/v2\/pages\/61\/revisions"}],"predecessor-version":[{"id":729,"href":"https:\/\/hmfst.online\/index.php?rest_route=\/wp\/v2\/pages\/61\/revisions\/729"}],"wp:attachment":[{"href":"https:\/\/hmfst.online\/index.php?rest_route=%2Fwp%2Fv2%2Fmedia&parent=61"}],"curies":[{"name":"wp","href":"https:\/\/api.w.org\/{rel}","templated":true}]}}