{"id":486,"date":"2024-02-25T18:48:02","date_gmt":"2024-02-25T21:48:02","guid":{"rendered":"https:\/\/hmfst.online\/?page_id=486"},"modified":"2026-01-23T14:36:14","modified_gmt":"2026-01-23T17:36:14","slug":"padi","status":"publish","type":"page","link":"https:\/\/hmfst.online\/?page_id=486","title":{"rendered":"PADI"},"content":{"rendered":"\t\t<div data-elementor-type=\"wp-page\" data-elementor-id=\"486\" class=\"elementor elementor-486\">\n\t\t\t\t<div class=\"elementor-element elementor-element-b113806 e-flex e-con-boxed e-con e-parent\" data-id=\"b113806\" data-element_type=\"container\" data-e-type=\"container\">\n\t\t\t\t\t<div class=\"e-con-inner\">\n\t\t\t\t<div class=\"elementor-element elementor-element-d1645d7 elementor-widget elementor-widget-heading\" data-id=\"d1645d7\" data-element_type=\"widget\" data-e-type=\"widget\" data-widget_type=\"heading.default\">\n\t\t\t\t<div class=\"elementor-widget-container\">\n\t\t\t\t\t<h4 class=\"elementor-heading-title elementor-size-default\">Programa de Aten\u00e7\u00e3o Domiciliar ao Idoso - PADI<\/h4>\t\t\t\t<\/div>\n\t\t\t\t<\/div>\n\t\t\t\t\t<\/div>\n\t\t\t\t<\/div>\n\t\t<div class=\"elementor-element elementor-element-e6b77bd e-flex e-con-boxed e-con e-parent\" data-id=\"e6b77bd\" data-element_type=\"container\" data-e-type=\"container\">\n\t\t\t\t\t<div class=\"e-con-inner\">\n\t\t\t\t<div class=\"elementor-element elementor-element-ab2852a elementor-widget elementor-widget-image\" data-id=\"ab2852a\" data-element_type=\"widget\" data-e-type=\"widget\" data-widget_type=\"image.default\">\n\t\t\t\t<div class=\"elementor-widget-container\">\n\t\t\t\t\t\t\t\t\t\t\t\t<figure class=\"wp-caption\">\n\t\t\t\t\t\t\t\t\t\t<img decoding=\"async\" src=\"http:\/\/hmfst.online\/wp-content\/uploads\/2024\/06\/WhatsApp-Image-2024-06-11-at-17.33.35.jpeg\" title=\"\" alt=\"\" loading=\"lazy\" \/>\t\t\t\t\t\t\t\t\t\t\t<figcaption class=\"widget-image-caption wp-caption-text\">Equipe do PADI <\/figcaption>\n\t\t\t\t\t\t\t\t\t\t<\/figure>\n\t\t\t\t\t\t\t\t\t<\/div>\n\t\t\t\t<\/div>\n\t\t\t\t\t<\/div>\n\t\t\t\t<\/div>\n\t\t<div class=\"elementor-element elementor-element-4bc3eee e-flex e-con-boxed e-con e-parent\" data-id=\"4bc3eee\" data-element_type=\"container\" data-e-type=\"container\">\n\t\t\t\t\t<div class=\"e-con-inner\">\n\t\t\t\t<div class=\"elementor-element elementor-element-1f8284b elementor-widget elementor-widget-text-editor\" data-id=\"1f8284b\" data-element_type=\"widget\" data-e-type=\"widget\" data-widget_type=\"text-editor.default\">\n\t\t\t\t<div class=\"elementor-widget-container\">\n\t\t\t\t\t\t\t\t\tO PADI oferece assist\u00eancia domiciliar prioritariamente a pessoas com 60 anos ou mais, sem restri\u00e7\u00e3o de faixa et\u00e1ria.\n\n\u00c9 destinado a pacientes provenientes do SUS com incapacidade funcional, restritos ao leito ou ao domic\u00edlio, portadores de doen\u00e7as que necessitem de cuidados intensificados e sequenciais, que possam ser realizados na resid\u00eancia.\n\nOs principais benef\u00edcios s\u00e3o: a desospitaliza\u00e7\u00e3o segura, a otimiza\u00e7\u00e3o da recupera\u00e7\u00e3o funcional, a redu\u00e7\u00e3o do tempo m\u00e9dio de interna\u00e7\u00e3o hospitalar, a libera\u00e7\u00e3o dos leitos hospitalares para outros pacientes, a redu\u00e7\u00e3o de reospitaliza\u00e7\u00f5es, a independ\u00eancia funcional e a melhora na capacidade de cuidar-se e de ser cuidado no ambiente domiciliar.\n\nO PADI conta com uma equipe multidisciplinar, composta por: m\u00e9dicos, enfermeiros, t\u00e9cnicos de enfermagem, assistentes sociais, nutricionistas, psic\u00f3logos, terapeutas ocupacionais, fisioterapeutas e fonoaudi\u00f3logos.\n\nDispondo de quatro linhas de cuidados: reabilita\u00e7\u00e3o, cuidados paliativos, cuidados pedi\u00e1tricos avan\u00e7ados e doen\u00e7as cr\u00f4nicas (alta complexidade).\n\nAqui no Hospital Municipal Francisco da Silva Telles o servi\u00e7o acompanha 167 pacientes em sua resid\u00eancia, realiza busca ativa nas enfermarias e discute casos com as chefias das cl\u00ednicas para a desospitaliza\u00e7\u00e3o segura de nossos pacientes.\n\nPara saber mais sobre o servi\u00e7o, entre em contato com sua Unidade de Refer\u00eancia ou acesse <a href=\"https:\/\/pcrj.maps.arcgis.com\/apps\/webappviewer\/index.html?id=014d8ab512a34f259bb27c8a13d4d65f\" target=\"_blank\" rel=\"noopener\">prefeitura.rio\/ondeseratendido<\/a>\n<br>\n<strong>Hor\u00e1rio de funcionamento:<\/strong> Segunda a sexta-feira, 08h \u00e0s 17h\n<br>\n<strong>Telefone de contato: <\/strong>(21) 99424-6546 \/ (21) 99425-5602\t\t\t\t\t\t\t\t<\/div>\n\t\t\t\t<\/div>\n\t\t\t\t\t<\/div>\n\t\t\t\t<\/div>\n\t\t\t\t<\/div>\n\t\t","protected":false},"excerpt":{"rendered":"<p>Programa de Aten\u00e7\u00e3o Domiciliar ao Idoso &#8211; PADI Equipe do  [&#8230;]<\/p>\n","protected":false},"author":2,"featured_media":0,"parent":0,"menu_order":0,"comment_status":"closed","ping_status":"closed","template":"","meta":{"_acf_changed":false,"give_campaign_id":0,"footnotes":""},"class_list":["post-486","page","type-page","status-publish","hentry"],"acf":[],"campaignId":"","_links":{"self":[{"href":"https:\/\/hmfst.online\/index.php?rest_route=\/wp\/v2\/pages\/486","targetHints":{"allow":["GET"]}}],"collection":[{"href":"https:\/\/hmfst.online\/index.php?rest_route=\/wp\/v2\/pages"}],"about":[{"href":"https:\/\/hmfst.online\/index.php?rest_route=\/wp\/v2\/types\/page"}],"author":[{"embeddable":true,"href":"https:\/\/hmfst.online\/index.php?rest_route=\/wp\/v2\/users\/2"}],"replies":[{"embeddable":true,"href":"https:\/\/hmfst.online\/index.php?rest_route=%2Fwp%2Fv2%2Fcomments&post=486"}],"version-history":[{"count":25,"href":"https:\/\/hmfst.online\/index.php?rest_route=\/wp\/v2\/pages\/486\/revisions"}],"predecessor-version":[{"id":2177,"href":"https:\/\/hmfst.online\/index.php?rest_route=\/wp\/v2\/pages\/486\/revisions\/2177"}],"wp:attachment":[{"href":"https:\/\/hmfst.online\/index.php?rest_route=%2Fwp%2Fv2%2Fmedia&parent=486"}],"curies":[{"name":"wp","href":"https:\/\/api.w.org\/{rel}","templated":true}]}}