{"id":436,"date":"2024-02-25T14:58:51","date_gmt":"2024-02-25T17:58:51","guid":{"rendered":"https:\/\/hmfst.online\/?page_id=436"},"modified":"2026-04-20T08:37:25","modified_gmt":"2026-04-20T11:37:25","slug":"pagina-principal-436","status":"publish","type":"page","link":"https:\/\/hmfst.online\/","title":{"rendered":"Pagina Principal"},"content":{"rendered":"\t\t<div data-elementor-type=\"wp-page\" data-elementor-id=\"436\" class=\"elementor elementor-436\">\n\t\t\t\t<div class=\"elementor-element elementor-element-55f618a e-flex e-con-boxed e-con e-parent\" data-id=\"55f618a\" data-element_type=\"container\" data-e-type=\"container\" data-settings=\"{&quot;background_background&quot;:&quot;slideshow&quot;,&quot;background_slideshow_gallery&quot;:[{&quot;id&quot;:2464,&quot;url&quot;:&quot;http:\\\/\\\/hmfst.online\\\/wp-content\\\/uploads\\\/2026\\\/03\\\/Administrativo-scaled.jpg&quot;},{&quot;id&quot;:2537,&quot;url&quot;:&quot;http:\\\/\\\/hmfst.online\\\/wp-content\\\/uploads\\\/2026\\\/04\\\/Arte-Cardapio-Almoco20042026.png&quot;}],&quot;background_slideshow_transition_duration&quot;:0,&quot;background_slideshow_loop&quot;:&quot;yes&quot;,&quot;background_slideshow_slide_duration&quot;:5000,&quot;background_slideshow_slide_transition&quot;:&quot;fade&quot;}\">\n\t\t\t\t\t<div class=\"e-con-inner\">\n\t\t\t\t\t<\/div>\n\t\t\t\t<\/div>\n\t\t<div class=\"elementor-element elementor-element-8fb1430 e-grid e-con-full e-con e-parent\" data-id=\"8fb1430\" data-element_type=\"container\" data-e-type=\"container\">\n\t\t\t\t<div class=\"elementor-element elementor-element-46a32b3 elementor-widget elementor-widget-text-editor\" data-id=\"46a32b3\" data-element_type=\"widget\" data-e-type=\"widget\" data-widget_type=\"text-editor.default\">\n\t\t\t\t<div class=\"elementor-widget-container\">\n\t\t\t\t\t\t\t\t\t<p style=\"text-align: center;\"><a href=\"http:\/\/172.16.13.184:8080\/vitai\/pages\/login.do\" target=\"_blank\" rel=\"noopener\"><br \/><img decoding=\"async\" class=\"aligncenter size-full wp-image-1972 aligncenter\" src=\"http:\/\/hmfst.online\/wp-content\/uploads\/2026\/01\/TimedIcon.png\" alt=\"\" width=\"152\" height=\"152\" \/><\/a><\/p><p style=\"text-align: center;\"><span style=\"color: #999999;\"><a style=\"color: #00008b;\" href=\"http:\/\/172.16.13.184:8080\/vitai\/pages\/login.do\" target=\"_blank\" rel=\"noopener\"><strong>TiMed Vitai<\/strong><\/a><br \/><\/span>Sistema de Prontu\u00e1rio Eletr\u00f4nico<\/p>\t\t\t\t\t\t\t\t<\/div>\n\t\t\t\t<\/div>\n\t\t\t\t<div class=\"elementor-element elementor-element-ad6c7f5 elementor-widget elementor-widget-text-editor\" data-id=\"ad6c7f5\" data-element_type=\"widget\" data-e-type=\"widget\" data-widget_type=\"text-editor.default\">\n\t\t\t\t<div class=\"elementor-widget-container\">\n\t\t\t\t\t\t\t\t\t<p><a href=\"https:\/\/hmft.centrocariocadeimagem.com.br:8444\/WorksLightWeb\/login\" target=\"_blank\" rel=\"noopener\"><br \/><img decoding=\"async\" class=\"alignnone size-full wp-image-1972 aligncenter\" src=\"http:\/\/hmfst.online\/wp-content\/uploads\/2026\/01\/Flaticon-medi-150x150-1.png\" alt=\"\" width=\"150\" height=\"150\" srcset=\"https:\/\/hmfst.online\/wp-content\/uploads\/2026\/01\/Flaticon-medi-150x150-1-66x66.png 66w, https:\/\/hmfst.online\/wp-content\/uploads\/2026\/01\/Flaticon-medi-150x150-1.png 150w\" sizes=\"(max-width: 150px) 100vw, 150px\" \/><\/a><\/p><p style=\"text-align: center;\"><span style=\"color: #999999;\"><a style=\"color: #00008b;\" href=\"https:\/\/hmft.centrocariocadeimagem.com.br:8444\/WorksLightWeb\/login\" target=\"_blank\" rel=\"noopener\"><strong>Medilab Sistemas<\/strong><\/a><br \/><\/span>Sistema para a visualiza\u00e7\u00e3o dos resultados de tomografia<\/p>\t\t\t\t\t\t\t\t<\/div>\n\t\t\t\t<\/div>\n\t\t\t\t<div class=\"elementor-element elementor-element-e36b2e9 elementor-widget elementor-widget-text-editor\" data-id=\"e36b2e9\" data-element_type=\"widget\" data-e-type=\"widget\" data-widget_type=\"text-editor.default\">\n\t\t\t\t<div class=\"elementor-widget-container\">\n\t\t\t\t\t\t\t\t\t<p><a href=\"http:\/\/172.16.0.20:8080\/oviyam2\/\" target=\"_blank\" rel=\"noopener\"><br \/><img decoding=\"async\" class=\"aligncenter wp-image-1976 aligncenter\" src=\"http:\/\/hmfst.online\/wp-content\/uploads\/2026\/01\/faviconOviyam.png\" alt=\"\" width=\"152\" height=\"152\" \/><\/a><\/p><p style=\"text-align: center;\"><span style=\"color: #999999;\"><a style=\"color: #00008b;\" href=\"http:\/\/172.16.0.20:8080\/oviyam2\/\" target=\"_blank\" rel=\"noopener\"><strong>Oviyam<\/strong><\/a><\/span><br \/>Sistema para a visualiza\u00e7\u00e3o dos exames de raio X<\/p>\t\t\t\t\t\t\t\t<\/div>\n\t\t\t\t<\/div>\n\t\t\t\t<div class=\"elementor-element elementor-element-138df34 elementor-widget elementor-widget-text-editor\" data-id=\"138df34\" data-element_type=\"widget\" data-e-type=\"widget\" data-widget_type=\"text-editor.default\">\n\t\t\t\t<div class=\"elementor-widget-container\">\n\t\t\t\t\t\t\t\t\t<p><a href=\"http:\/\/172.16.0.12\/glpi\/\" target=\"_blank\" rel=\"noopener\"><br \/><img loading=\"lazy\" decoding=\"async\" class=\"aligncenter wp-image-1980 aligncenter\" src=\"http:\/\/hmfst.online\/wp-content\/uploads\/2026\/01\/GlpiIcon.png\" alt=\"\" width=\"152\" height=\"152\" \/><\/a><\/p><p style=\"text-align: center;\"><span style=\"color: #999999;\"><a style=\"color: #00008b;\" href=\"http:\/\/172.16.0.12\/glpi\/\" target=\"_blank\" rel=\"noopener\"><strong>GLPI<\/strong><\/a><br \/>Sistema de gerenciamento de chamados<\/span><\/p>\t\t\t\t\t\t\t\t<\/div>\n\t\t\t\t<\/div>\n\t\t\t\t<div class=\"elementor-element elementor-element-5245cd6 elementor-widget elementor-widget-text-editor\" data-id=\"5245cd6\" data-element_type=\"widget\" data-e-type=\"widget\" data-widget_type=\"text-editor.default\">\n\t\t\t\t<div class=\"elementor-widget-container\">\n\t\t\t\t\t\t\t\t\t<p style=\"text-align: center;\"><a href=\"https:\/\/sisregiii.saude.gov.br\/\" target=\"_blank\" rel=\"noopener\"><br \/><img loading=\"lazy\" decoding=\"async\" class=\"alignnone size-medium wp-image-1986\" src=\"http:\/\/hmfst.online\/wp-content\/uploads\/2026\/01\/SisregiiiIcon.png\" alt=\"\" width=\"152\" height=\"152\" \/><\/a><\/p><p style=\"text-align: center;\"><span style=\"color: #999999;\"><a style=\"color: #00008b;\" href=\"https:\/\/sisregiii.saude.gov.br\/\" target=\"_blank\" rel=\"noopener\"><strong>SISREG III<\/strong><\/a><br \/><\/span>Sistema para o gerenciamento de todo complexo regulat\u00f3rio<\/p>\t\t\t\t\t\t\t\t<\/div>\n\t\t\t\t<\/div>\n\t\t\t\t<div class=\"elementor-element elementor-element-2c307ca elementor-widget elementor-widget-text-editor\" data-id=\"2c307ca\" data-element_type=\"widget\" data-e-type=\"widget\" data-widget_type=\"text-editor.default\">\n\t\t\t\t<div class=\"elementor-widget-container\">\n\t\t\t\t\t\t\t\t\t<p style=\"text-align: center;\"><br \/><a href=\"https:\/\/web2.smsrio.org\/login\/index.php#\/\" target=\"_blank\" rel=\"noopener\"><img loading=\"lazy\" decoding=\"async\" class=\"wp-image-1987 aligncenter\" src=\"http:\/\/hmfst.online\/wp-content\/uploads\/2026\/01\/SmsRioIcon.png\" alt=\"\" width=\"152\" height=\"152\" \/><\/a><\/p><p style=\"text-align: center;\"><span style=\"color: #999999;\"><a style=\"color: #00008b;\" href=\"https:\/\/web2.smsrio.org\/login\/index.php#\/\" target=\"_blank\" rel=\"noopener\"><strong>Plataforma SMSRIO<\/strong><br \/>Sistema de registro de atendimentos<\/a><\/span><\/p>\t\t\t\t\t\t\t\t<\/div>\n\t\t\t\t<\/div>\n\t\t\t\t<\/div>\n\t\t<div class=\"elementor-element elementor-element-0039945 e-grid e-con-boxed e-con e-parent\" data-id=\"0039945\" data-element_type=\"container\" data-e-type=\"container\">\n\t\t\t\t\t<div class=\"e-con-inner\">\n\t\t\t\t<div class=\"elementor-element elementor-element-8dfd3d4 elementor-widget elementor-widget-heading\" data-id=\"8dfd3d4\" data-element_type=\"widget\" data-e-type=\"widget\" data-widget_type=\"heading.default\">\n\t\t\t\t<div class=\"elementor-widget-container\">\n\t\t\t\t\t<h5 class=\"elementor-heading-title elementor-size-default\">O Hospital<\/h5>\t\t\t\t<\/div>\n\t\t\t\t<\/div>\n\t\t\t\t<div class=\"elementor-element elementor-element-444ba64 elementor-widget elementor-widget-heading\" data-id=\"444ba64\" data-element_type=\"widget\" data-e-type=\"widget\" data-widget_type=\"heading.default\">\n\t\t\t\t<div class=\"elementor-widget-container\">\n\t\t\t\t\t<h5 class=\"elementor-heading-title elementor-size-default\">Servidor<\/h5>\t\t\t\t<\/div>\n\t\t\t\t<\/div>\n\t\t\t\t<div class=\"elementor-element elementor-element-f0383bb elementor-widget elementor-widget-heading\" data-id=\"f0383bb\" data-element_type=\"widget\" data-e-type=\"widget\" data-widget_type=\"heading.default\">\n\t\t\t\t<div class=\"elementor-widget-container\">\n\t\t\t\t\t<h5 class=\"elementor-heading-title elementor-size-default\">Fale Conosco<\/h5>\t\t\t\t<\/div>\n\t\t\t\t<\/div>\n\t\t\t\t<div class=\"elementor-element elementor-element-540758b elementor-widget elementor-widget-heading\" data-id=\"540758b\" data-element_type=\"widget\" data-e-type=\"widget\" data-widget_type=\"heading.default\">\n\t\t\t\t<div class=\"elementor-widget-container\">\n\t\t\t\t\t<h5 class=\"elementor-heading-title elementor-size-default\">Outros Sites Recomendados<\/h5>\t\t\t\t<\/div>\n\t\t\t\t<\/div>\n\t\t\t\t<div class=\"elementor-element elementor-element-0da94e4 elementor-widget elementor-widget-text-editor\" data-id=\"0da94e4\" data-element_type=\"widget\" data-e-type=\"widget\" data-widget_type=\"text-editor.default\">\n\t\t\t\t<div class=\"elementor-widget-container\">\n\t\t\t\t\t\t\t\t\t<p><a href=\"https:\/\/hmfst.online\/?page_id=383\" target=\"_blank\" rel=\"noopener\">Quem somos<\/a><\/p><p>Trajet\u00f3ria<\/p><p><a href=\"https:\/\/hmft.centrocariocadeimagem.com.br:8444\/WorksLightWeb\/login\" target=\"_blank\" rel=\"noopener\">Resultado de Exames<\/a><\/p>\t\t\t\t\t\t\t\t<\/div>\n\t\t\t\t<\/div>\n\t\t\t\t<div class=\"elementor-element elementor-element-d19821c elementor-widget elementor-widget-text-editor\" data-id=\"d19821c\" data-element_type=\"widget\" data-e-type=\"widget\" data-widget_type=\"text-editor.default\">\n\t\t\t\t<div class=\"elementor-widget-container\">\n\t\t\t\t\t\t\t\t\t<p><span style=\"color: #999999;\"><a href=\"https:\/\/processo.rio\/\" target=\"_blank\" rel=\"noopener\">Processo Rio<\/a><\/span><\/p><p><a href=\"https:\/\/acesso.processo.rio\/sigaex\/public\/app\/processoconsultarpublico\" target=\"_blank\" rel=\"noopener\">Consulta a Processos<\/a><\/p><p><span style=\"color: #999999;\"><a href=\"https:\/\/auth-idrio.apps.rio.gov.br\/auth\/realms\/idrio_cidadao\/protocol\/openid-connect\/auth?client_id=contracheque-api.apps.ocp.rio.gov.br&amp;redirect_uri=https%3A%2F%2Fcontracheque.apps.rio.gov.br%2Flogin&amp;state=8641c93b-f673-4f9f-83dd-9bf5a00103d6&amp;response_mode=fragment&amp;response_type=code&amp;scope=openid&amp;nonce=dff74966-063f-4c23-87f2-acb0d6c7c0d7\" target=\"_blank\" rel=\"noopener\">Contra Cheque (RioSaude)<\/a><\/span><\/p><p><a href=\"https:\/\/vivario165259.rm.cloudtotvs.com.br\/FrameHTML\/web\/app\/RH\/PortalMeuRH\/#\/login\" target=\"_blank\" rel=\"noopener\">Contra Cheque (VivaRio)<\/a><\/p>\t\t\t\t\t\t\t\t<\/div>\n\t\t\t\t<\/div>\n\t\t\t\t<div class=\"elementor-element elementor-element-743aeae elementor-widget elementor-widget-text-editor\" data-id=\"743aeae\" data-element_type=\"widget\" data-e-type=\"widget\" data-widget_type=\"text-editor.default\">\n\t\t\t\t<div class=\"elementor-widget-container\">\n\t\t\t\t\t\t\t\t\t<p><a href=\"https:\/\/hmfst.online\/?page_id=61\" target=\"_blank\" rel=\"noopener\">Contato<\/a><\/p><p><a href=\"https:\/\/www.1746.rio\/hc\/pt-br\/p\/ouvidoria\" target=\"_blank\" rel=\"noopener\">Ouvidoria<\/a><\/p><p>D\u00favidas Frequentes<\/p>\t\t\t\t\t\t\t\t<\/div>\n\t\t\t\t<\/div>\n\t\t\t\t<div class=\"elementor-element elementor-element-e52be87 elementor-widget elementor-widget-text-editor\" data-id=\"e52be87\" data-element_type=\"widget\" data-e-type=\"widget\" data-widget_type=\"text-editor.default\">\n\t\t\t\t<div class=\"elementor-widget-container\">\n\t\t\t\t\t\t\t\t\t<p><a href=\"https:\/\/prefeitura.rio\/\">Prefeitura do Rio de Janeiro<\/a><\/p><p><a href=\"https:\/\/saude.prefeitura.rio\/\">Secretaria Municipal de Sa\u00fade<\/a><\/p><p><a href=\"https:\/\/portalfns.saude.gov.br\/\">Fundo Nacional de Sa\u00fade<\/a><\/p>\t\t\t\t\t\t\t\t<\/div>\n\t\t\t\t<\/div>\n\t\t\t\t\t<\/div>\n\t\t\t\t<\/div>\n\t\t<div class=\"elementor-element elementor-element-aef5e1e e-con-full e-flex e-con e-parent\" data-id=\"aef5e1e\" data-element_type=\"container\" data-e-type=\"container\">\n\t\t\t\t<div class=\"elementor-element elementor-element-8c3afeb elementor-widget__width-inherit elementor-widget-divider--view-line elementor-widget elementor-widget-divider\" data-id=\"8c3afeb\" data-element_type=\"widget\" data-e-type=\"widget\" data-widget_type=\"divider.default\">\n\t\t\t\t<div class=\"elementor-widget-container\">\n\t\t\t\t\t\t\t<div class=\"elementor-divider\">\n\t\t\t<span class=\"elementor-divider-separator\">\n\t\t\t\t\t\t<\/span>\n\t\t<\/div>\n\t\t\t\t\t\t<\/div>\n\t\t\t\t<\/div>\n\t\t\t\t<\/div>\n\t\t\t\t<\/div>\n\t\t","protected":false},"excerpt":{"rendered":"<p>TiMed VitaiSistema de Prontu\u00e1rio Eletr\u00f4nico Medilab SistemasSistema para a visualiza\u00e7\u00e3o  [&#8230;]<\/p>\n","protected":false},"author":2,"featured_media":0,"parent":0,"menu_order":0,"comment_status":"closed","ping_status":"closed","template":"","meta":{"_acf_changed":false,"give_campaign_id":0,"footnotes":""},"class_list":["post-436","page","type-page","status-publish","hentry"],"acf":[],"campaignId":"","_links":{"self":[{"href":"https:\/\/hmfst.online\/index.php?rest_route=\/wp\/v2\/pages\/436","targetHints":{"allow":["GET"]}}],"collection":[{"href":"https:\/\/hmfst.online\/index.php?rest_route=\/wp\/v2\/pages"}],"about":[{"href":"https:\/\/hmfst.online\/index.php?rest_route=\/wp\/v2\/types\/page"}],"author":[{"embeddable":true,"href":"https:\/\/hmfst.online\/index.php?rest_route=\/wp\/v2\/users\/2"}],"replies":[{"embeddable":true,"href":"https:\/\/hmfst.online\/index.php?rest_route=%2Fwp%2Fv2%2Fcomments&post=436"}],"version-history":[{"count":1076,"href":"https:\/\/hmfst.online\/index.php?rest_route=\/wp\/v2\/pages\/436\/revisions"}],"predecessor-version":[{"id":2540,"href":"https:\/\/hmfst.online\/index.php?rest_route=\/wp\/v2\/pages\/436\/revisions\/2540"}],"wp:attachment":[{"href":"https:\/\/hmfst.online\/index.php?rest_route=%2Fwp%2Fv2%2Fmedia&parent=436"}],"curies":[{"name":"wp","href":"https:\/\/api.w.org\/{rel}","templated":true}]}}