{"id":383,"date":"2024-02-25T11:33:00","date_gmt":"2024-02-25T14:33:00","guid":{"rendered":"https:\/\/hmfst.online\/?page_id=383"},"modified":"2024-06-17T18:17:15","modified_gmt":"2024-06-17T21:17:15","slug":"elementor-383","status":"publish","type":"page","link":"https:\/\/hmfst.online\/?page_id=383","title":{"rendered":"Institucional"},"content":{"rendered":"\t\t<div data-elementor-type=\"wp-page\" data-elementor-id=\"383\" class=\"elementor elementor-383\">\n\t\t\t\t<div class=\"elementor-element elementor-element-49e5b9a e-flex e-con-boxed e-con e-parent\" data-id=\"49e5b9a\" data-element_type=\"container\" data-e-type=\"container\">\n\t\t\t\t\t<div class=\"e-con-inner\">\n\t\t\t\t<div class=\"elementor-element elementor-element-2145e3f elementor-widget elementor-widget-heading\" data-id=\"2145e3f\" data-element_type=\"widget\" data-e-type=\"widget\" data-widget_type=\"heading.default\">\n\t\t\t\t<div class=\"elementor-widget-container\">\n\t\t\t\t\t<h4 class=\"elementor-heading-title elementor-size-default\">Bem-vindos ao Hospital Municipal Francisco da Silva Telles<\/h4>\t\t\t\t<\/div>\n\t\t\t\t<\/div>\n\t\t\t\t\t<\/div>\n\t\t\t\t<\/div>\n\t\t<div class=\"elementor-element elementor-element-6628761 e-flex e-con-boxed e-con e-parent\" data-id=\"6628761\" data-element_type=\"container\" data-e-type=\"container\">\n\t\t\t\t\t<div class=\"e-con-inner\">\n\t\t\t\t<div class=\"elementor-element elementor-element-e94d0dd elementor-widget elementor-widget-image\" data-id=\"e94d0dd\" data-element_type=\"widget\" data-e-type=\"widget\" data-widget_type=\"image.default\">\n\t\t\t\t<div class=\"elementor-widget-container\">\n\t\t\t\t\t\t\t\t\t\t\t\t\t\t\t<img fetchpriority=\"high\" decoding=\"async\" width=\"768\" height=\"768\" src=\"https:\/\/hmfst.online\/wp-content\/uploads\/2024\/03\/hosp_1-1-768x768.jpeg\" class=\"attachment-medium_large size-medium_large wp-image-526\" alt=\"\" srcset=\"https:\/\/hmfst.online\/wp-content\/uploads\/2024\/03\/hosp_1-1-66x66.jpeg 66w, https:\/\/hmfst.online\/wp-content\/uploads\/2024\/03\/hosp_1-1-150x150.jpeg 150w, https:\/\/hmfst.online\/wp-content\/uploads\/2024\/03\/hosp_1-1-200x200.jpeg 200w, https:\/\/hmfst.online\/wp-content\/uploads\/2024\/03\/hosp_1-1-300x300.jpeg 300w, https:\/\/hmfst.online\/wp-content\/uploads\/2024\/03\/hosp_1-1-400x400.jpeg 400w, https:\/\/hmfst.online\/wp-content\/uploads\/2024\/03\/hosp_1-1-500x500.jpeg 500w, https:\/\/hmfst.online\/wp-content\/uploads\/2024\/03\/hosp_1-1-600x600.jpeg 600w, https:\/\/hmfst.online\/wp-content\/uploads\/2024\/03\/hosp_1-1-700x700.jpeg 700w, https:\/\/hmfst.online\/wp-content\/uploads\/2024\/03\/hosp_1-1-768x768.jpeg 768w, https:\/\/hmfst.online\/wp-content\/uploads\/2024\/03\/hosp_1-1-800x800.jpeg 800w, https:\/\/hmfst.online\/wp-content\/uploads\/2024\/03\/hosp_1-1-1024x1024.jpeg 1024w, https:\/\/hmfst.online\/wp-content\/uploads\/2024\/03\/hosp_1-1-1200x1200.jpeg 1200w, https:\/\/hmfst.online\/wp-content\/uploads\/2024\/03\/hosp_1-1-1536x1536.jpeg 1536w\" sizes=\"(max-width: 768px) 100vw, 768px\" \/>\t\t\t\t\t\t\t\t\t\t\t\t\t\t\t<\/div>\n\t\t\t\t<\/div>\n\t\t\t\t\t<\/div>\n\t\t\t\t<\/div>\n\t\t<div class=\"elementor-element elementor-element-8d8b739 e-flex e-con-boxed e-con e-parent\" data-id=\"8d8b739\" data-element_type=\"container\" data-e-type=\"container\">\n\t\t\t\t\t<div class=\"e-con-inner\">\n\t\t\t\t<div class=\"elementor-element elementor-element-34ba435 elementor-widget__width-initial elementor-tabs-view-horizontal elementor-widget elementor-widget-tabs\" data-id=\"34ba435\" data-element_type=\"widget\" data-e-type=\"widget\" data-widget_type=\"tabs.default\">\n\t\t\t\t<div class=\"elementor-widget-container\">\n\t\t\t\t\t\t\t<div class=\"elementor-tabs\">\n\t\t\t<div class=\"elementor-tabs-wrapper\" role=\"tablist\" >\n\t\t\t\t\t\t\t\t\t<div id=\"elementor-tab-title-5521\" class=\"elementor-tab-title elementor-tab-desktop-title\" aria-selected=\"true\" data-tab=\"1\" role=\"tab\" tabindex=\"0\" aria-controls=\"elementor-tab-content-5521\" aria-expanded=\"false\">Miss\u00e3o<\/div>\n\t\t\t\t\t\t\t\t\t<div id=\"elementor-tab-title-5522\" class=\"elementor-tab-title elementor-tab-desktop-title\" aria-selected=\"false\" data-tab=\"2\" role=\"tab\" tabindex=\"-1\" aria-controls=\"elementor-tab-content-5522\" aria-expanded=\"false\">Vis\u00e3o<\/div>\n\t\t\t\t\t\t\t\t\t<div id=\"elementor-tab-title-5523\" class=\"elementor-tab-title elementor-tab-desktop-title\" aria-selected=\"false\" data-tab=\"3\" role=\"tab\" tabindex=\"-1\" aria-controls=\"elementor-tab-content-5523\" aria-expanded=\"false\">Valores<\/div>\n\t\t\t\t\t\t\t<\/div>\n\t\t\t<div class=\"elementor-tabs-content-wrapper\" role=\"tablist\" aria-orientation=\"vertical\">\n\t\t\t\t\t\t\t\t\t<div class=\"elementor-tab-title elementor-tab-mobile-title\" aria-selected=\"true\" data-tab=\"1\" role=\"tab\" tabindex=\"0\" aria-controls=\"elementor-tab-content-5521\" aria-expanded=\"false\">Miss\u00e3o<\/div>\n\t\t\t\t\t<div id=\"elementor-tab-content-5521\" class=\"elementor-tab-content elementor-clearfix\" data-tab=\"1\" role=\"tabpanel\" aria-labelledby=\"elementor-tab-title-5521\" tabindex=\"0\" hidden=\"false\"><p class=\"MsoNormal\"><b><span style=\"font-size: 14pt; line-height: 107%; font-family: Roboto; letter-spacing: 0.2pt; background-image: initial; background-position: initial; background-size: initial; background-repeat: initial; background-attachment: initial; background-origin: initial; background-clip: initial;\">Proporcionar\nassist\u00eancia \u00e0 sa\u00fade com qualidade, \u00e9tica e respeito para o cidad\u00e3o.<\/span><o:p><\/o:p><\/b><\/p><\/div>\n\t\t\t\t\t\t\t\t\t<div class=\"elementor-tab-title elementor-tab-mobile-title\" aria-selected=\"false\" data-tab=\"2\" role=\"tab\" tabindex=\"-1\" aria-controls=\"elementor-tab-content-5522\" aria-expanded=\"false\">Vis\u00e3o<\/div>\n\t\t\t\t\t<div id=\"elementor-tab-content-5522\" class=\"elementor-tab-content elementor-clearfix\" data-tab=\"2\" role=\"tabpanel\" aria-labelledby=\"elementor-tab-title-5522\" tabindex=\"0\" hidden=\"hidden\"><p class=\"MsoNormal\"><b><span style=\"font-size: 14pt; line-height: 107%; font-family: Roboto; letter-spacing: 0.2pt; background-image: initial; background-position: initial; background-size: initial; background-repeat: initial; background-attachment: initial; background-origin: initial; background-clip: initial;\">Ser\nrefer\u00eancia na rede municipal na presta\u00e7\u00e3o de servi\u00e7os de sa\u00fade de m\u00e9dia\ncomplexidade em at\u00e9 2 anos.<o:p><\/o:p><\/span><\/b><\/p><\/div>\n\t\t\t\t\t\t\t\t\t<div class=\"elementor-tab-title elementor-tab-mobile-title\" aria-selected=\"false\" data-tab=\"3\" role=\"tab\" tabindex=\"-1\" aria-controls=\"elementor-tab-content-5523\" aria-expanded=\"false\">Valores<\/div>\n\t\t\t\t\t<div id=\"elementor-tab-content-5523\" class=\"elementor-tab-content elementor-clearfix\" data-tab=\"3\" role=\"tabpanel\" aria-labelledby=\"elementor-tab-title-5523\" tabindex=\"0\" hidden=\"hidden\"><p><ul><li><b><span style=\"font-size: 14pt; line-height: 107%; font-family: Roboto; letter-spacing: 0.2pt; background-image: initial; background-position: initial; background-size: initial; background-repeat: initial; background-attachment: initial; background-origin: initial; background-clip: initial;\">Inova\u00e7\u00e3o<\/span><\/b><\/li><li><b><span style=\"font-size: 14pt; line-height: 107%; font-family: Roboto; letter-spacing: 0.2pt; background-image: initial; background-position: initial; background-size: initial; background-repeat: initial; background-attachment: initial; background-origin: initial; background-clip: initial;\">Humaniza\u00e7\u00e3o<\/span><\/b><\/li><li><b><span style=\"font-size: 14pt; line-height: 107%; font-family: Roboto; letter-spacing: 0.2pt; background-image: initial; background-position: initial; background-size: initial; background-repeat: initial; background-attachment: initial; background-origin: initial; background-clip: initial;\">\u00c9tica<\/span><\/b><\/li><li><b><span style=\"font-size: 14pt; line-height: 107%; font-family: Roboto; letter-spacing: 0.2pt; background-image: initial; background-position: initial; background-size: initial; background-repeat: initial; background-attachment: initial; background-origin: initial; background-clip: initial;\">Responsabilidade<\/span><\/b><\/li><li><b><span style=\"font-size: 14pt; line-height: 107%; font-family: Roboto; letter-spacing: 0.2pt; background-image: initial; background-position: initial; background-size: initial; background-repeat: initial; background-attachment: initial; background-origin: initial; background-clip: initial;\">Valoriza\u00e7\u00e3o\nprofissional<\/span><\/b><\/li><li><b><span style=\"font-size: 14pt; line-height: 107%; font-family: Roboto; letter-spacing: 0.2pt; background-image: initial; background-position: initial; background-size: initial; background-repeat: initial; background-attachment: initial; background-origin: initial; background-clip: initial;\">Foco no\npaciente<\/span><\/b><\/li><\/ul><\/p><p>\n\n\n\n\n\n\n\n\n\n<\/p><\/div>\n\t\t\t\t\t\t\t<\/div>\n\t\t<\/div>\n\t\t\t\t\t\t<\/div>\n\t\t\t\t<\/div>\n\t\t\t\t\t<\/div>\n\t\t\t\t<\/div>\n\t\t<div class=\"elementor-element elementor-element-2730ff0 e-flex e-con-boxed e-con e-parent\" data-id=\"2730ff0\" data-element_type=\"container\" data-e-type=\"container\">\n\t\t\t\t\t<div class=\"e-con-inner\">\n\t\t\t\t<div class=\"elementor-element elementor-element-4b7c938 elementor-widget elementor-widget-heading\" data-id=\"4b7c938\" data-element_type=\"widget\" data-e-type=\"widget\" data-widget_type=\"heading.default\">\n\t\t\t\t<div class=\"elementor-widget-container\">\n\t\t\t\t\t<h5 class=\"elementor-heading-title elementor-size-default\">Hist\u00f3ria<\/h5>\t\t\t\t<\/div>\n\t\t\t\t<\/div>\n\t\t\t\t\t<\/div>\n\t\t\t\t<\/div>\n\t\t<div class=\"elementor-element elementor-element-6a29539 e-flex e-con-boxed e-con e-parent\" data-id=\"6a29539\" data-element_type=\"container\" data-e-type=\"container\">\n\t\t\t\t\t<div class=\"e-con-inner\">\n\t\t\t\t<div class=\"elementor-element elementor-element-8523e2a elementor-widget elementor-widget-text-editor\" data-id=\"8523e2a\" data-element_type=\"widget\" data-e-type=\"widget\" data-widget_type=\"text-editor.default\">\n\t\t\t\t<div class=\"elementor-widget-container\">\n\t\t\t\t\t\t\t\t\t<p>O Hospital Municipal Francisco da Silva Telles foi fundado em 1968 para atender a popula\u00e7\u00e3o do bairro de Iraj\u00e1 e regi\u00e3o.<\/p><p>Come\u00e7ou a ser constru\u00eddo em um terreno doado pela Prefeitura, com o objetivo de descentralizar e melhorar o atendimento p\u00fablico de sa\u00fade na Zona Norte do Rio. A primeira etapa da constru\u00e7\u00e3o foi conclu\u00edda em 1970, sendo ent\u00e3o inaugurado o pronto-socorro e as primeiras enfermarias.<\/p><p>O Hospital Municipal Francisco da Silva Telles tem suas ra\u00edzes hist\u00f3ricas no antigo Servi\u00e7o de Atendimento M\u00e9dico Domiciliar de Urg\u00eancia (SAMDU) de Iraj\u00e1, inaugurado nos anos 40 para prestar atendimento m\u00e9dico emergencial aos moradores locais. J\u00e1 em 1983, a regi\u00e3o ganhou o PAM de Iraj\u00e1, uma Unidade de Atendimento Ambulatorial que fortaleceu os servi\u00e7os de sa\u00fade na \u00e1rea.<\/p><p>Foi em 1997, ap\u00f3s o processo de municipaliza\u00e7\u00e3o, que o PAM passou a se chamar PAM Francisco da Silva Telles, homenageando um ilustre m\u00e9dico e pol\u00edtico que tanto contribuiu para a sa\u00fade p\u00fablica municipal. Por\u00e9m, diante das crescentes demandas da populosa \u00c1rea de Planejamento 3.3, reconheceu-se a necessidade de uma estrutura hospitalar de maior porte.<\/p>\t\t\t\t\t\t\t\t<\/div>\n\t\t\t\t<\/div>\n\t\t\t\t<div class=\"elementor-element elementor-element-ced0ce6 elementor-widget elementor-widget-blockquote\" data-id=\"ced0ce6\" data-element_type=\"widget\" data-e-type=\"widget\" data-widget_type=\"blockquote.default\">\n\t\t\t\t<div class=\"elementor-widget-container\">\n\t\t\t\t\t \t\t\t\t<\/div>\n\t\t\t\t<\/div>\n\t\t\t\t\t<\/div>\n\t\t\t\t<\/div>\n\t\t<div class=\"elementor-element elementor-element-89ad4ad e-flex e-con-boxed e-con e-parent\" data-id=\"89ad4ad\" data-element_type=\"container\" data-e-type=\"container\">\n\t\t\t\t\t<div class=\"e-con-inner\">\n\t\t\t\t<div class=\"elementor-element elementor-element-ceec646 elementor-widget elementor-widget-text-editor\" data-id=\"ceec646\" data-element_type=\"widget\" data-e-type=\"widget\" data-widget_type=\"text-editor.default\">\n\t\t\t\t<div class=\"elementor-widget-container\">\n\t\t\t\t\t\t\t\t\t<p>\u00a0<\/p><p>Mais que um s\u00edmbolo da evolu\u00e7\u00e3o dos servi\u00e7os de sa\u00fade em Iraj\u00e1, somos hoje uma institui\u00e7\u00e3o centen\u00e1ria que zela por vidas. Nossa equipe multidisciplinar dedica-se diariamente a acolher, orientar e promover o bem-estar de todos os que cruzam nossos corredores. Estamos comprometidos com a excel\u00eancia, aprimorando constantemente processos e investindo na capacita\u00e7\u00e3o de nossos colaboradores.<\/p><p>O Hospital Municipal Francisco da Silva Telles orgulha-se de suas ra\u00edzes comunit\u00e1rias e da oportunidade de escrever um novo cap\u00edtulo na hist\u00f3ria da assist\u00eancia m\u00e9dica local, aliando tradi\u00e7\u00e3o ao pioneirismo, humaniza\u00e7\u00e3o e qualidade t\u00e9cnica de ponta.<\/p>\t\t\t\t\t\t\t\t<\/div>\n\t\t\t\t<\/div>\n\t\t\t\t\t<\/div>\n\t\t\t\t<\/div>\n\t\t<div class=\"elementor-element elementor-element-128075b e-flex e-con-boxed e-con e-parent\" data-id=\"128075b\" data-element_type=\"container\" data-e-type=\"container\">\n\t\t\t\t\t<div class=\"e-con-inner\">\n\t\t\t\t<div class=\"elementor-element elementor-element-0d320ad elementor-widget elementor-widget-animated-headline\" data-id=\"0d320ad\" data-element_type=\"widget\" data-e-type=\"widget\" data-widget_type=\"animated-headline.default\">\n\t\t\t\t<div class=\"elementor-widget-container\">\n\t\t\t\t\t \t\t\t\t<\/div>\n\t\t\t\t<\/div>\n\t\t\t\t\t<\/div>\n\t\t\t\t<\/div>\n\t\t<div class=\"elementor-element elementor-element-9afabef e-flex e-con-boxed e-con e-parent\" data-id=\"9afabef\" data-element_type=\"container\" data-e-type=\"container\">\n\t\t\t\t\t<div class=\"e-con-inner\">\n\t\t\t\t<div class=\"elementor-element elementor-element-0c79c89 elementor-widget elementor-widget-text-editor\" data-id=\"0c79c89\" data-element_type=\"widget\" data-e-type=\"widget\" data-widget_type=\"text-editor.default\">\n\t\t\t\t<div class=\"elementor-widget-container\">\n\t\t\t\t\t\t\t\t\t<p><strong>Especialidades e Servi\u00e7os:<\/strong><\/p><p><strong>Urg\u00eancia e Emerg\u00eancia <\/strong><\/p><ul><li>Clinica M\u00e9dica<\/li><li>Pediatria<\/li><li>Atendimento de segunda a segunda 24h por dia.<\/li><\/ul><p><strong>Ambulat\u00f3rio<\/strong><\/p><ul><li>Urologia (Vasectomia) \/ Consulta Urologia Geral;<\/li><li>Ginecologia (Laqueadura);<\/li><li>Hepatologia;<\/li><li>Pequenos Procedimentos: Cisto seb\u00e1ceo e Lipomas;<\/li><li>Ambulat\u00f3rio de Enfermagem.<\/li><\/ul><p><strong>Diferenciais e Qualidade:<\/strong><\/p><p>Equipe altamente qualificada e experiente: composta por m\u00e9dicos, enfermeiros, t\u00e9cnicos de enfermagem, fisioterapeutas, nutricionistas, psic\u00f3logos, assistentes sociais, fonoaudi\u00f3logos e outros profissionais;<br \/>Atendimento humanizado e acolhedor: com foco no respeito ao paciente e seus familiares;<br \/>Agilidade no atendimento: com foco na redu\u00e7\u00e3o do tempo de espera e interna\u00e7\u00e3o;<br \/>Tecnologia de ponta: com equipamentos modernos e softwares de gest\u00e3o hospitalar;<br \/>Participa\u00e7\u00e3o em programas de ensino e pesquisa: em parceria com universidades e centros de pesquisa.<\/p>\t\t\t\t\t\t\t\t<\/div>\n\t\t\t\t<\/div>\n\t\t\t\t\t<\/div>\n\t\t\t\t<\/div>\n\t\t\t\t<\/div>\n\t\t","protected":false},"excerpt":{"rendered":"<p>Bem-vindos ao Hospital Municipal Francisco da Silva Telles Miss\u00e3o Vis\u00e3o  [&#8230;]<\/p>\n","protected":false},"author":2,"featured_media":0,"parent":0,"menu_order":0,"comment_status":"closed","ping_status":"closed","template":"","meta":{"_acf_changed":false,"give_campaign_id":0,"footnotes":""},"class_list":["post-383","page","type-page","status-publish","hentry"],"acf":[],"campaignId":"","_links":{"self":[{"href":"https:\/\/hmfst.online\/index.php?rest_route=\/wp\/v2\/pages\/383","targetHints":{"allow":["GET"]}}],"collection":[{"href":"https:\/\/hmfst.online\/index.php?rest_route=\/wp\/v2\/pages"}],"about":[{"href":"https:\/\/hmfst.online\/index.php?rest_route=\/wp\/v2\/types\/page"}],"author":[{"embeddable":true,"href":"https:\/\/hmfst.online\/index.php?rest_route=\/wp\/v2\/users\/2"}],"replies":[{"embeddable":true,"href":"https:\/\/hmfst.online\/index.php?rest_route=%2Fwp%2Fv2%2Fcomments&post=383"}],"version-history":[{"count":67,"href":"https:\/\/hmfst.online\/index.php?rest_route=\/wp\/v2\/pages\/383\/revisions"}],"predecessor-version":[{"id":990,"href":"https:\/\/hmfst.online\/index.php?rest_route=\/wp\/v2\/pages\/383\/revisions\/990"}],"wp:attachment":[{"href":"https:\/\/hmfst.online\/index.php?rest_route=%2Fwp%2Fv2%2Fmedia&parent=383"}],"curies":[{"name":"wp","href":"https:\/\/api.w.org\/{rel}","templated":true}]}}