{"id":147,"date":"2024-02-21T12:45:35","date_gmt":"2024-02-21T15:45:35","guid":{"rendered":"https:\/\/hmfst.online\/?page_id=147"},"modified":"2026-01-23T14:20:34","modified_gmt":"2026-01-23T17:20:34","slug":"centro-de-estudos","status":"publish","type":"page","link":"https:\/\/hmfst.online\/?page_id=147","title":{"rendered":"Centro de Estudos"},"content":{"rendered":"\t\t<div data-elementor-type=\"wp-page\" data-elementor-id=\"147\" class=\"elementor elementor-147\">\n\t\t\t\t<div class=\"elementor-element elementor-element-9cc5b6f e-flex e-con-boxed e-con e-parent\" data-id=\"9cc5b6f\" data-element_type=\"container\" data-e-type=\"container\">\n\t\t\t\t\t<div class=\"e-con-inner\">\n\t\t\t\t<div class=\"elementor-element elementor-element-fbc451f elementor-widget elementor-widget-heading\" data-id=\"fbc451f\" data-element_type=\"widget\" data-e-type=\"widget\" data-widget_type=\"heading.default\">\n\t\t\t\t<div class=\"elementor-widget-container\">\n\t\t\t\t\t<h4 class=\"elementor-heading-title elementor-size-default\">Centro de Estudos: Onde o Conhecimento se Torna Excel\u00eancia em Sa\u00fade<\/h4>\t\t\t\t<\/div>\n\t\t\t\t<\/div>\n\t\t\t\t<div class=\"elementor-element elementor-element-bb239c3 elementor-widget elementor-widget-image\" data-id=\"bb239c3\" data-element_type=\"widget\" data-e-type=\"widget\" data-widget_type=\"image.default\">\n\t\t\t\t<div class=\"elementor-widget-container\">\n\t\t\t\t\t\t\t\t\t\t\t\t\t\t\t<img fetchpriority=\"high\" decoding=\"async\" width=\"1024\" height=\"1024\" src=\"https:\/\/hmfst.online\/wp-content\/uploads\/2026\/01\/CentrodeEstudos.jpg\" class=\"attachment-large size-large wp-image-2039\" alt=\"\" srcset=\"https:\/\/hmfst.online\/wp-content\/uploads\/2026\/01\/CentrodeEstudos-66x66.jpg 66w, https:\/\/hmfst.online\/wp-content\/uploads\/2026\/01\/CentrodeEstudos-150x150.jpg 150w, https:\/\/hmfst.online\/wp-content\/uploads\/2026\/01\/CentrodeEstudos-200x200.jpg 200w, https:\/\/hmfst.online\/wp-content\/uploads\/2026\/01\/CentrodeEstudos-300x300.jpg 300w, https:\/\/hmfst.online\/wp-content\/uploads\/2026\/01\/CentrodeEstudos-400x400.jpg 400w, https:\/\/hmfst.online\/wp-content\/uploads\/2026\/01\/CentrodeEstudos-500x500.jpg 500w, https:\/\/hmfst.online\/wp-content\/uploads\/2026\/01\/CentrodeEstudos-600x600.jpg 600w, https:\/\/hmfst.online\/wp-content\/uploads\/2026\/01\/CentrodeEstudos-700x700.jpg 700w, https:\/\/hmfst.online\/wp-content\/uploads\/2026\/01\/CentrodeEstudos-768x768.jpg 768w, https:\/\/hmfst.online\/wp-content\/uploads\/2026\/01\/CentrodeEstudos-800x800.jpg 800w, https:\/\/hmfst.online\/wp-content\/uploads\/2026\/01\/CentrodeEstudos.jpg 1024w\" sizes=\"(max-width: 1024px) 100vw, 1024px\" \/>\t\t\t\t\t\t\t\t\t\t\t\t\t\t\t<\/div>\n\t\t\t\t<\/div>\n\t\t\t\t\t<\/div>\n\t\t\t\t<\/div>\n\t\t<div class=\"elementor-element elementor-element-cd1f555 e-flex e-con-boxed e-con e-parent\" data-id=\"cd1f555\" data-element_type=\"container\" data-e-type=\"container\">\n\t\t\t\t\t<div class=\"e-con-inner\">\n\t\t\t\t<div class=\"elementor-element elementor-element-28edda3 elementor-widget elementor-widget-text-editor\" data-id=\"28edda3\" data-element_type=\"widget\" data-e-type=\"widget\" data-widget_type=\"text-editor.default\">\n\t\t\t\t<div class=\"elementor-widget-container\">\n\t\t\t\t\t\t\t\t\t<p>O Centro de Estudos do Hospital Municipal Francisco da Silva Telles \u00e9 um n\u00facleo de excel\u00eancia dedicado \u00e0 educa\u00e7\u00e3o permanente e ao desenvolvimento profissional na \u00e1rea da sa\u00fade. Criado com o objetivo de fomentar o aprimoramento t\u00e9cnico-cient\u00edfico e promover a troca de conhecimentos, o Centro de Estudos desempenha um papel fundamental na forma\u00e7\u00e3o e capacita\u00e7\u00e3o dos colaboradores do hospital.<\/p><p>Por meio de uma programa\u00e7\u00e3o educacional ampla e diversificada, s\u00e3o oferecidos cursos, palestras, workshops e outras atividades acad\u00eamicas alinhadas \u00e0s mais recentes evid\u00eancias cient\u00edficas e melhores pr\u00e1ticas cl\u00ednicas. Dessa forma, o Centro contribui para a constante atualiza\u00e7\u00e3o dos profissionais de diferentes especialidades, preparando-os para enfrentar os desafios da assist\u00eancia m\u00e9dica com maestria.<\/p><p>Al\u00e9m do corpo cl\u00ednico, o Centro de Estudos tamb\u00e9m contempla a participa\u00e7\u00e3o e forma\u00e7\u00e3o de estudantes de diversas \u00e1reas da sa\u00fade nas diversas modalidades de est\u00e1gio, proporcionando oportunidades para a articula\u00e7\u00e3o entre teoria e pr\u00e1tica, pesquisa e desenvolvimento de compet\u00eancias pr\u00e1ticas em um ambiente hospitalar de ponta. A intera\u00e7\u00e3o entre profissionais experientes e futuros profissionais enriquece o processo de ensino-aprendizagem.<\/p><p>Uma das principais iniciativas do Centro de Estudos \u00e9 o Programa de Resid\u00eancia M\u00e9dica em Cirurgia Geral. Esse programa de alta qualidade atrai m\u00e9dicos rec\u00e9m-formados de todo o Brasil, contribuindo para a excel\u00eancia do atendimento prestado e o avan\u00e7o da medicina, especializando profissionais que ter\u00e3o a vis\u00e3o do agir no SUS.<\/p><p>Ao unir ensino, pesquisa e assist\u00eancia, o Centro de Estudos do Hospital Municipal Francisco da Silva Telles reafirma seu compromisso com a excel\u00eancia na presta\u00e7\u00e3o de servi\u00e7os de sa\u00fade, formando profissionais qualificados e promovendo a inova\u00e7\u00e3o e o progresso em benef\u00edcio da comunidade.<\/p>\t\t\t\t\t\t\t\t<\/div>\n\t\t\t\t<\/div>\n\t\t\t\t\t<\/div>\n\t\t\t\t<\/div>\n\t\t<div class=\"elementor-element elementor-element-ee26e3f e-flex e-con-boxed e-con e-parent\" data-id=\"ee26e3f\" data-element_type=\"container\" data-e-type=\"container\">\n\t\t\t\t\t<div class=\"e-con-inner\">\n\t\t\t\t<div class=\"elementor-element elementor-element-4c66473 elementor-widget elementor-widget-heading\" data-id=\"4c66473\" data-element_type=\"widget\" data-e-type=\"widget\" data-widget_type=\"heading.default\">\n\t\t\t\t<div class=\"elementor-widget-container\">\n\t\t\t\t\t<h4 class=\"elementor-heading-title elementor-size-default\">Modalidades de est\u00e1gio ofertados no Hospital<\/h4>\t\t\t\t<\/div>\n\t\t\t\t<\/div>\n\t\t\t\t\t<\/div>\n\t\t\t\t<\/div>\n\t\t<div class=\"elementor-element elementor-element-bb4c981 e-flex e-con-boxed e-con e-parent\" data-id=\"bb4c981\" data-element_type=\"container\" data-e-type=\"container\">\n\t\t\t\t\t<div class=\"e-con-inner\">\n\t\t\t\t<div class=\"elementor-element elementor-element-8445d6a elementor-widget elementor-widget-text-editor\" data-id=\"8445d6a\" data-element_type=\"widget\" data-e-type=\"widget\" data-widget_type=\"text-editor.default\">\n\t\t\t\t<div class=\"elementor-widget-container\">\n\t\t\t\t\t\t\t\t\t<ul><li><span style=\"text-decoration: underline;\"><span style=\"color: #000000; text-decoration: underline;\"><strong>N\u00e3o obrigat\u00f3rio<\/strong>:<\/span><\/span> Acad\u00eamico bolsista (ingresso SOMENTE por meio de processo seletivo realizado anualmente pela SMS-RJ).<\/li><\/ul><ul><li><span style=\"color: #000000;\"><u><strong>Curricular\/ Obrigat\u00f3rio<\/strong>:<\/u><\/span> Est\u00e1gio que se encontra vinculado \u00e0 grade curricular da institui\u00e7\u00e3o de ensino, exigindo a apresenta\u00e7\u00e3o de toda a documenta\u00e7\u00e3o necess\u00e1ria tanto do aluno quanto da institui\u00e7\u00e3o de ensino.<\/li><\/ul><ul><li><span style=\"color: #000000;\"><strong><u>Internato:<\/u><\/strong><\/span> Cursos como o de Medicina podem exigir uma carga hor\u00e1ria de 12 horas e a apresenta\u00e7\u00e3o de toda a documenta\u00e7\u00e3o necess\u00e1ria tanto do aluno quanto da institui\u00e7\u00e3o de ensino.<\/li><\/ul>\t\t\t\t\t\t\t\t<\/div>\n\t\t\t\t<\/div>\n\t\t\t\t\t<\/div>\n\t\t\t\t<\/div>\n\t\t<div class=\"elementor-element elementor-element-53c624b e-flex e-con-boxed e-con e-parent\" data-id=\"53c624b\" data-element_type=\"container\" data-e-type=\"container\">\n\t\t\t\t\t<div class=\"e-con-inner\">\n\t\t\t\t<div class=\"elementor-element elementor-element-53981a2 elementor-widget elementor-widget-heading\" data-id=\"53981a2\" data-element_type=\"widget\" data-e-type=\"widget\" data-widget_type=\"heading.default\">\n\t\t\t\t<div class=\"elementor-widget-container\">\n\t\t\t\t\t<h4 class=\"elementor-heading-title elementor-size-default\">Outras atividades acad\u00eamicas - N\u00e3o configuram como est\u00e1gio<\/h4>\t\t\t\t<\/div>\n\t\t\t\t<\/div>\n\t\t\t\t\t<\/div>\n\t\t\t\t<\/div>\n\t\t<div class=\"elementor-element elementor-element-80235d7 e-flex e-con-boxed e-con e-parent\" data-id=\"80235d7\" data-element_type=\"container\" data-e-type=\"container\">\n\t\t\t\t\t<div class=\"e-con-inner\">\n\t\t\t\t<div class=\"elementor-element elementor-element-c78be8e elementor-widget elementor-widget-text-editor\" data-id=\"c78be8e\" data-element_type=\"widget\" data-e-type=\"widget\" data-widget_type=\"text-editor.default\">\n\t\t\t\t<div class=\"elementor-widget-container\">\n\t\t\t\t\t\t\t\t\t<p><strong>Atividades pr\u00e1ticas:<\/strong> S\u00e3o atividades pr\u00e1ticas previstas no plano de curso da institui\u00e7\u00e3o de ensino do aluno, nas quais este aluno apenas desempenha na unidade hospitalar as atividades elencadas.<br \/><strong>Treinamento profissional:<\/strong> Tem o objetivo de capacitar profissionais j\u00e1 formados que desejam adquirir experi\u00eancia. Abertura de vagas em janeiro e julho (semestralmente, nas \u00e1reas em que houver disponibilidade de vagas).<\/p><p>*Carga hor\u00e1ria: 24 horas semanais<br \/>*Per\u00edodo de dura\u00e7\u00e3o: 6 meses<br \/>*Carga hor\u00e1ria total: 613 horas<\/p>\t\t\t\t\t\t\t\t<\/div>\n\t\t\t\t<\/div>\n\t\t\t\t\t<\/div>\n\t\t\t\t<\/div>\n\t\t<div class=\"elementor-element elementor-element-14d9918 e-flex e-con-boxed e-con e-parent\" data-id=\"14d9918\" data-element_type=\"container\" data-e-type=\"container\">\n\t\t\t\t\t<div class=\"e-con-inner\">\n\t\t\t\t<div class=\"elementor-element elementor-element-a2aa839 elementor-widget elementor-widget-heading\" data-id=\"a2aa839\" data-element_type=\"widget\" data-e-type=\"widget\" data-widget_type=\"heading.default\">\n\t\t\t\t<div class=\"elementor-widget-container\">\n\t\t\t\t\t<h4 class=\"elementor-heading-title elementor-size-default\">Documentos Necess\u00e1rios<\/h4>\t\t\t\t<\/div>\n\t\t\t\t<\/div>\n\t\t\t\t\t<\/div>\n\t\t\t\t<\/div>\n\t\t<div class=\"elementor-element elementor-element-ed66cbd e-con-full e-flex e-con e-parent\" data-id=\"ed66cbd\" data-element_type=\"container\" data-e-type=\"container\">\n\t\t<div class=\"elementor-element elementor-element-f2a9d6e e-grid e-con-boxed e-con e-child\" data-id=\"f2a9d6e\" data-element_type=\"container\" data-e-type=\"container\">\n\t\t\t\t\t<div class=\"e-con-inner\">\n\t\t\t\t<div class=\"elementor-element elementor-element-e8d9e5b elementor-widget elementor-widget-text-editor\" data-id=\"e8d9e5b\" data-element_type=\"widget\" data-e-type=\"widget\" data-widget_type=\"text-editor.default\">\n\t\t\t\t<div class=\"elementor-widget-container\">\n\t\t\t\t\t\t\t\t\t<p style=\"text-align: center;\"><strong>Curricular\/Obrigat\u00f3rio e Internato:<\/strong><\/p><p style=\"text-align: left;\">*Carta de Apresenta\u00e7\u00e3o da Institui\u00e7\u00e3o de Ensino (Contendo Carga Hor\u00e1ria Total de Est\u00e1gio)<br \/>*Seguro de Acidentes Pessoais (Responsabilidade da Institui\u00e7\u00e3o de Ensino)<br \/>Documentos Pessoais (Xerox).<\/p><ul><li>Identidade e CPF;<\/li><li>Comprovante de resid\u00eancia;<\/li><li>Carteira de vacina\u00e7\u00e3o atualizada (principalmente Hepatite B, Antitet\u00e2nica, Influenza e COVID-19);<\/li><li>02 fotos 3&#215;4;<\/li><\/ul>\t\t\t\t\t\t\t\t<\/div>\n\t\t\t\t<\/div>\n\t\t\t\t<div class=\"elementor-element elementor-element-e076cbd elementor-widget elementor-widget-text-editor\" data-id=\"e076cbd\" data-element_type=\"widget\" data-e-type=\"widget\" data-widget_type=\"text-editor.default\">\n\t\t\t\t<div class=\"elementor-widget-container\">\n\t\t\t\t\t\t\t\t\t<p style=\"text-align: center;\"><strong>Atividades pr\u00e1ticas:<\/strong><\/p><p>*Carta de Apresenta\u00e7\u00e3o da Institui\u00e7\u00e3o de Ensino (Pontuando a Atividade Pr\u00e1tica)<br \/>*Seguro de Acidentes Pessoais (Responsabilidade da Institui\u00e7\u00e3o de Ensino)<br \/><br \/><\/p><ul><li>Identidade e CPF;<\/li><li>Comprovante de resid\u00eancia;<\/li><li>Carteira de vacina\u00e7\u00e3o atualizada (principalmente Hepatite B, Antitet\u00e2nica, Influenza e COVID-19);<\/li><li>02 fotos 3&#215;4;<\/li><\/ul>\t\t\t\t\t\t\t\t<\/div>\n\t\t\t\t<\/div>\n\t\t\t\t<div class=\"elementor-element elementor-element-0eb2d38 elementor-widget elementor-widget-text-editor\" data-id=\"0eb2d38\" data-element_type=\"widget\" data-e-type=\"widget\" data-widget_type=\"text-editor.default\">\n\t\t\t\t<div class=\"elementor-widget-container\">\n\t\t\t\t\t\t\t\t\t<p style=\"text-align: center;\"><strong>Treinamento Profissional:<\/strong><\/p><p>*Seguro de Acidentes Pessoal Pago (realizar em qualquer banco ou seguradora)<\/p><p><br \/><br \/><\/p><ul><li>Identidade e CPF;<\/li><li>Comprovante de resid\u00eancia;<\/li><li>Carteira de vacina\u00e7\u00e3o atualizada (principalmente Hepatite B, Antitet\u00e2nica, Influenza e COVID-19);<\/li><li>02 fotos 3&#215;4;<\/li><\/ul>\t\t\t\t\t\t\t\t<\/div>\n\t\t\t\t<\/div>\n\t\t\t\t\t<\/div>\n\t\t\t\t<\/div>\n\t\t\t\t<\/div>\n\t\t<div class=\"elementor-element elementor-element-1b1570e e-flex e-con-boxed e-con e-parent\" data-id=\"1b1570e\" data-element_type=\"container\" data-e-type=\"container\">\n\t\t\t\t\t<div class=\"e-con-inner\">\n\t\t\t\t<div class=\"elementor-element elementor-element-8433ef5 elementor-widget elementor-widget-heading\" data-id=\"8433ef5\" data-element_type=\"widget\" data-e-type=\"widget\" data-widget_type=\"heading.default\">\n\t\t\t\t<div class=\"elementor-widget-container\">\n\t\t\t\t\t<h4 class=\"elementor-heading-title elementor-size-default\">Formul\u00e1rios<\/h4>\t\t\t\t<\/div>\n\t\t\t\t<\/div>\n\t\t\t\t\t<\/div>\n\t\t\t\t<\/div>\n\t\t<div class=\"elementor-element elementor-element-05b5b7e e-flex e-con-boxed e-con e-parent\" data-id=\"05b5b7e\" data-element_type=\"container\" data-e-type=\"container\">\n\t\t\t\t\t<div class=\"e-con-inner\">\n\t\t<div class=\"elementor-element elementor-element-ce12960 e-flex e-con-boxed e-con e-child\" data-id=\"ce12960\" data-element_type=\"container\" data-e-type=\"container\">\n\t\t\t\t\t<div class=\"e-con-inner\">\n\t\t\t\t<div class=\"elementor-element elementor-element-09376b9 elementor-widget elementor-widget-text-editor\" data-id=\"09376b9\" data-element_type=\"widget\" data-e-type=\"widget\" data-widget_type=\"text-editor.default\">\n\t\t\t\t<div class=\"elementor-widget-container\">\n\t\t\t\t\t\t\t\t\t<a href=\"http:\/\/hmfst.online\/wp-content\/uploads\/2026\/01\/Termo-individual-de-responsabilidade.pdf\" target=\"_blank\" rel=\"noopener\">\n*Termo Individual de Responsabilidade de Imuniza\u00e7\u00e3o<\/a>\n<a href=\"http:\/\/hmfst.online\/wp-content\/uploads\/2026\/01\/Formulario-de-Estagio.pdf\" target=\"_blank\" rel=\"noopener\">\n*Formul\u00e1rio de Cadastramento de Estagi\u00e1rio Treinando<\/a>\n\t\t\t\t\t\t\t\t<\/div>\n\t\t\t\t<\/div>\n\t\t\t\t\t<\/div>\n\t\t\t\t<\/div>\n\t\t\t\t\t<\/div>\n\t\t\t\t<\/div>\n\t\t<div class=\"elementor-element elementor-element-bb8274b e-flex e-con-boxed e-con e-parent\" data-id=\"bb8274b\" data-element_type=\"container\" data-e-type=\"container\">\n\t\t\t\t\t<div class=\"e-con-inner\">\n\t\t\t\t<div class=\"elementor-element elementor-element-a04abf9 elementor-widget elementor-widget-heading\" data-id=\"a04abf9\" data-element_type=\"widget\" data-e-type=\"widget\" data-widget_type=\"heading.default\">\n\t\t\t\t<div class=\"elementor-widget-container\">\n\t\t\t\t\t<h4 class=\"elementor-heading-title elementor-size-default\">Mais informa\u00e7\u00f5es<\/h4>\t\t\t\t<\/div>\n\t\t\t\t<\/div>\n\t\t\t\t\t<\/div>\n\t\t\t\t<\/div>\n\t\t<div class=\"elementor-element elementor-element-c49a916 e-flex e-con-boxed e-con e-parent\" data-id=\"c49a916\" data-element_type=\"container\" data-e-type=\"container\">\n\t\t\t\t\t<div class=\"e-con-inner\">\n\t\t\t\t<div class=\"elementor-element elementor-element-7eb18ed elementor-widget elementor-widget-text-editor\" data-id=\"7eb18ed\" data-element_type=\"widget\" data-e-type=\"widget\" data-widget_type=\"text-editor.default\">\n\t\t\t\t<div class=\"elementor-widget-container\">\n\t\t\t\t\t\t\t\t\t<p><strong>Hor\u00e1rio de funcionamento:<\/strong> Segunda a sexta-feira, 08h \u00e0s 17h<br \/><strong>Telefone de contato:<\/strong> (21) 3111-2021<br \/><strong>Contato:<\/strong><br \/>*Centro de Estudos: cefsilvatelles@gmail.com<br \/>*Educa\u00e7\u00e3o Permanente: educacao.continuada@gmail.com<\/p>\t\t\t\t\t\t\t\t<\/div>\n\t\t\t\t<\/div>\n\t\t\t\t\t<\/div>\n\t\t\t\t<\/div>\n\t\t<div class=\"elementor-element elementor-element-4ae26f8 e-flex e-con-boxed e-con e-parent\" data-id=\"4ae26f8\" data-element_type=\"container\" data-e-type=\"container\">\n\t\t\t\t\t<div class=\"e-con-inner\">\n\t\t\t\t\t<\/div>\n\t\t\t\t<\/div>\n\t\t\t\t<\/div>\n\t\t","protected":false},"excerpt":{"rendered":"<p>Centro de Estudos: Onde o Conhecimento se Torna Excel\u00eancia em  [&#8230;]<\/p>\n","protected":false},"author":2,"featured_media":0,"parent":0,"menu_order":0,"comment_status":"closed","ping_status":"closed","template":"","meta":{"_acf_changed":false,"give_campaign_id":0,"footnotes":""},"class_list":["post-147","page","type-page","status-publish","hentry"],"acf":[],"campaignId":"","_links":{"self":[{"href":"https:\/\/hmfst.online\/index.php?rest_route=\/wp\/v2\/pages\/147","targetHints":{"allow":["GET"]}}],"collection":[{"href":"https:\/\/hmfst.online\/index.php?rest_route=\/wp\/v2\/pages"}],"about":[{"href":"https:\/\/hmfst.online\/index.php?rest_route=\/wp\/v2\/types\/page"}],"author":[{"embeddable":true,"href":"https:\/\/hmfst.online\/index.php?rest_route=\/wp\/v2\/users\/2"}],"replies":[{"embeddable":true,"href":"https:\/\/hmfst.online\/index.php?rest_route=%2Fwp%2Fv2%2Fcomments&post=147"}],"version-history":[{"count":70,"href":"https:\/\/hmfst.online\/index.php?rest_route=\/wp\/v2\/pages\/147\/revisions"}],"predecessor-version":[{"id":2171,"href":"https:\/\/hmfst.online\/index.php?rest_route=\/wp\/v2\/pages\/147\/revisions\/2171"}],"wp:attachment":[{"href":"https:\/\/hmfst.online\/index.php?rest_route=%2Fwp%2Fv2%2Fmedia&parent=147"}],"curies":[{"name":"wp","href":"https:\/\/api.w.org\/{rel}","templated":true}]}}